{"id":2696,"date":"2017-01-01T15:24:08","date_gmt":"2017-01-01T14:24:08","guid":{"rendered":"http:\/\/www.ipsa.si?post_type=product&#038;p=2696"},"modified":"2020-12-23T10:28:47","modified_gmt":"2020-12-23T09:28:47","slug":"psihoterapija-2","status":"publish","type":"product","link":"https:\/\/www.ipsa.si\/sl\/izdelek\/psihoterapija-2\/","title":{"rendered":"Psihoterapija (E-knjiga)"},"content":{"rendered":"<p><strong>Uredili:<\/strong> Ma\u0161a \u017dvelc, Miran Mo\u017eina in Janko Bohak<\/p>\n<p><strong>Avtorji:<\/strong> Janko Bohak, Heliodor Cvetko, Bosiljka Lojk, Leon Lojk, Marino Ka\u010di\u010d, Romana Kebe, Vlasta Meden Klavora, Zoran Milivojevi\u0107, Miran Mo\u017eina, Samo Pastirk, Lan Pe\u010djak, Peter Praper, Jo\u017ee Ramov\u0161, Dinko \u0160tajduhar, Lea \u0160ugman Bohinc, Jasna Ve\u0161ligaj-Dami\u0161, Bogdan \u017dor\u017e, Gregor \u017dvelc, Ma\u0161a \u017dvelc<\/p>\n<p>V splo\u0161nem delu knjige Psihoterapija so podani temeljni koncepti psihoterapije ter razvoj psihoterapije v Sloveniji. V speci\ufb01 \u010dnem delu pa je predstavljenih 13 psihoterapevtskih pristopov: psihoanaliza in psihoanaliti\u010dna psihoterapija, psihodinamska psihoterapija, vedenjsko kognitivna terapija, logoterapija, realitetna terapija, psihodrama, gestalt terapija, transakcijska analiza, transpersonalna psihoterapija, sistemska psihoterapija, ter dve smeri integrativne psihoterapije. Avtorji prispevkov izvajajo predstavljeno psihoterapijo v praksi tudi sami.<\/p>\n<p>&nbsp;<\/p>\n<p><strong>IZ RECENZIJ:<\/strong><\/p>\n<p><em>V Sloveniji imamo ne glede na ozemeljsko in populacijsko majhnost zastopane \u00bbskoraj vse\u00ab pomembnej\u0161e psihoterapevtske pristope in aktualnost te knjige se ka\u017ee tudi v pluralnosti opisanih pristopov. Predstavljenih je 13 psihoterapevtskih smeri, vklju\u010dno z uporabnimi informacijami. Podrobne predstavitve teoreti\u010dnega in zgodovinskega ozadja posameznih pristopov bodo v pomo\u010d psihoterapevtom, ki jih zanimajo druga\u010dni pogledi na podro\u010dje od tistega, ki ga imajo sami, pa tudi vsem drugim strokovnjakom, ki se pri delu soo\u010dajo z ljudmi v stiskah ali enostavno vsem, ki jih podro\u010dje zanima. \u0160tudentom psihoterapije bo preglednost knjige olaj\u0161ala odlo\u010danje za usmeritev v posamezen pristop, uporabne informacije, ki so podane ob vsakem pristopu, pa bodo v pomo\u010d tistim, ki i\u0161\u010dejo psihoterapevtsko pomo\u010d. Bralci so s knjigo pridobili odli\u010den pregled sodobne psihoterapije ter tudi vpogled v \u0161tevilne izvire, iz katere \u010drpa mogo\u010dna reka, ki je po stoletju razvoja postala mogo\u010den tok ter samostojen poklic.<\/em><\/p>\n<p>Doc. dr. Robert Masten<\/p>\n<p><em>Kljub raz\u0161irjenosti in v\u010dasih tudi popularizaciji psihoterapije v zadnjih dveh desetletjih se nerazpoznavnost psihoterapije ohranja. Zato je potreba po tovrstnih informacijah ter vednosti razumljiva in zato je izid pri\u010dujo\u010dega zbornika zelo dobrodo\u0161el. Zbornik je dragocen prispevek, ki zdru\u017euje na enem mestu informacije, ki bi jih sicer moral iskati po razli\u010dnih virih. Ker ni namenjen eni sami ciljni skupini, bo bralec sam selektiven in poiskal tisto, kar potrebuje ali ga zanima. Razmi\u0161ljujo\u010d bralec pa bo s pazljivim branjem dobil \u0161e ve\u010d: lahko bo ugotavljal, kako se konceptualni aparati posameznih pristopov na razli\u010den na\u010din lotevajo in uspevajo zajeti eno samo \u010dlove\u0161ko realnost.<\/em><\/p>\n<p>Izr. prof. dr. Rudi Kotnik<\/p>\n","protected":false},"excerpt":{"rendered":"<p>Uredili: Ma\u0161a \u017dvelc, Miran Mo\u017eina in Janko Bohak Avtorji: Janko Bohak, Heliodor Cvetko, Bosiljka Lojk, [&hellip;]<\/p>\n","protected":false},"featured_media":3471,"template":"","meta":{"inline_featured_image":false,"_tribe_blocks_recurrence_rules":"","_tribe_blocks_recurrence_exclusions":"","_tribe_blocks_recurrence_description":""},"product_cat":[194],"product_tag":[],"_links":{"self":[{"href":"https:\/\/www.ipsa.si\/sl\/wp-json\/wp\/v2\/product\/2696"}],"collection":[{"href":"https:\/\/www.ipsa.si\/sl\/wp-json\/wp\/v2\/product"}],"about":[{"href":"https:\/\/www.ipsa.si\/sl\/wp-json\/wp\/v2\/types\/product"}],"wp:featuredmedia":[{"embeddable":true,"href":"https:\/\/www.ipsa.si\/sl\/wp-json\/wp\/v2\/media\/3471"}],"wp:attachment":[{"href":"https:\/\/www.ipsa.si\/sl\/wp-json\/wp\/v2\/media?parent=2696"}],"wp:term":[{"taxonomy":"product_cat","embeddable":true,"href":"https:\/\/www.ipsa.si\/sl\/wp-json\/wp\/v2\/product_cat?post=2696"},{"taxonomy":"product_tag","embeddable":true,"href":"https:\/\/www.ipsa.si\/sl\/wp-json\/wp\/v2\/product_tag?post=2696"}],"curies":[{"name":"wp","href":"https:\/\/api.w.org\/{rel}","templated":true}]}}