{"id":2612,"date":"2016-12-16T21:16:17","date_gmt":"2016-12-16T20:16:17","guid":{"rendered":"http:\/\/www.ipsa.si?post_type=product&#038;p=2612"},"modified":"2020-12-23T10:28:34","modified_gmt":"2020-12-23T09:28:34","slug":"razvojne-teorije-v-psihoterapiji","status":"publish","type":"product","link":"https:\/\/www.ipsa.si\/sl\/izdelek\/razvojne-teorije-v-psihoterapiji\/","title":{"rendered":"Razvojne teorije v psihoterapiji (E-knjiga)"},"content":{"rendered":"<div class=\"prod_description_wrap clearfix\">\n<div class=\"prod_description clearfix\">\n<p><strong>OPIS KNJIGE<\/strong><\/p>\n<p>Knjiga predstavi razvojne teorije, ki so pomembne za razumevanje in delo s klienti v razli\u010dnih psihoterapevtskih \u0161olah. Razvojne psiholo\u0161ke teorije razlagajo, kako se osebnost oblikuje na podlagi zgodnjih medosebnih odnosov.<\/p>\n<p>V knjigi so med drugim podrobneje predstavljene naslednje teorije:<br \/>\n&#8211; Teorija objektnih odnosov,<br \/>\n&#8211; Self psihologija<br \/>\n&#8211; Relacijska psihoanaliza in teorija intersubjektivnosti<br \/>\n&#8211; Razvojna teorija Daniela Sterna<br \/>\n&#8211; Teorija navezanosti<br \/>\n&#8211; Nevrobiolo\u0161ka teorija Allana Schora.<\/p>\n<p style=\"text-align: left;\">V knjigi avtor predstavi tudi lastni integrativni model medosebnih odnosov, v katerem pojasni vpliv zgodnjih odnosov na oblikovanje osebnosti in vzpostavljanje medosebnih odnosov v odraslosti. V modelu avtor opredeli razli\u010dne dimenzije medosebnih odnosov in lo\u010di med dvema glavnima tipoma\u00a0 medosebnih odnosov: objektnimi in subjektnimi odnosi. V modelu avtor integrira\u00a0 spoznanja psihoanaliti\u010dne teorije, teorije navezanosti, kognitivne psihologije in transakcijske\u00a0 analize. Knjiga je namenjena vsem bralcem in bralkam, ki jih zanima razvoj osebnosti na podlagi medosebnih odnosov v zgodnjem otro\u0161tvu. \u0160e posebej pa bo knjiga zanimiva psihologom, \u0161tudentom psihoterapije in psihoterapevtom razli\u010dnih psihoterapevtskih orientacij.<\/p>\n<div class=\"clear\"><strong>O AVTORJU<\/strong><\/div>\n<div><\/div>\n<\/div>\n<div>Gregor \u017dvelc je klini\u010dni psiholog in psihoterapevt. Je doktor znanosti in izredni profesor s podro\u010dja klini\u010dne psihologije (Univerza v Ljubljani).\u00a0Je direktor In\u0161tituta za integrativno psihoterapijo in svetovanje, kjer vodi podiplomsko izobra\u017eevanje iz integrativne psihoterapije in\u00a0transakcijsko analiti\u010dne psihoterapije. Na In\u0161titutu ima redno psihoterapevtsko in supervizijsko prakso. Je sourednik mednarodne\u00a0revije International Journal of Integrative Psychotherapy in sourednik revije European Journal for Qualitative Research in\u00a0Psychotherapy.<\/div>\n<\/div>\n","protected":false},"excerpt":{"rendered":"<p>OPIS KNJIGE Knjiga predstavi razvojne teorije, ki so pomembne za razumevanje in delo s klienti [&hellip;]<\/p>\n","protected":false},"featured_media":3473,"template":"","meta":{"inline_featured_image":false,"_tribe_blocks_recurrence_rules":"","_tribe_blocks_recurrence_exclusions":"","_tribe_blocks_recurrence_description":""},"product_cat":[194],"product_tag":[],"_links":{"self":[{"href":"https:\/\/www.ipsa.si\/sl\/wp-json\/wp\/v2\/product\/2612"}],"collection":[{"href":"https:\/\/www.ipsa.si\/sl\/wp-json\/wp\/v2\/product"}],"about":[{"href":"https:\/\/www.ipsa.si\/sl\/wp-json\/wp\/v2\/types\/product"}],"wp:featuredmedia":[{"embeddable":true,"href":"https:\/\/www.ipsa.si\/sl\/wp-json\/wp\/v2\/media\/3473"}],"wp:attachment":[{"href":"https:\/\/www.ipsa.si\/sl\/wp-json\/wp\/v2\/media?parent=2612"}],"wp:term":[{"taxonomy":"product_cat","embeddable":true,"href":"https:\/\/www.ipsa.si\/sl\/wp-json\/wp\/v2\/product_cat?post=2612"},{"taxonomy":"product_tag","embeddable":true,"href":"https:\/\/www.ipsa.si\/sl\/wp-json\/wp\/v2\/product_tag?post=2612"}],"curies":[{"name":"wp","href":"https:\/\/api.w.org\/{rel}","templated":true}]}}