{"id":4032,"date":"2018-12-19T17:16:02","date_gmt":"2018-12-19T16:16:02","guid":{"rendered":"http:\/\/www.ipsa.si\/?page_id=4032"},"modified":"2018-12-19T17:16:02","modified_gmt":"2018-12-19T16:16:02","slug":"splosni-pogoji","status":"publish","type":"page","link":"https:\/\/www.ipsa.si\/sl\/splosni-pogoji\/","title":{"rendered":"Splo\u0161ni pogoji"},"content":{"rendered":"<p><strong>Varstvo osebnih podatkov<\/strong><\/p>\n<p>In\u0161titut IPSA, e-naslov info@ipsa.si, je upravljavec z osebnimi podatki za spletno stran ipsa.si<\/p>\n<p>In\u0161titut IPSA se zavezuje, da bo posredovane osebne podatke varoval v skladu z Zakonom o varstvu osebnih podatkov (ZVOP-1). Vsi posredovani podatki bodo obravnavani strogo zaupno in za namen, zaradi katerega so bili posredovani.<\/p>\n<p>Osebne podatke posameznika In\u0161titut IPSA obdeluje in jih hrani za dosego namena, zaradi katerega jih je posameznik posredoval:<br \/>\n\u2013 naro\u010dilo izdelkov \/ povpra\u0161evanje preko kontaktnega obrazca<\/p>\n<p>Pri obravnavi posredno in neposredno posredovanih podatkov nas obvezuje Zakon o varstvu osebnih podatkov, s katerim se dolo\u010dajo pravice, obveznosti, na\u010dela in ukrepi, s katerimi se prepre\u010dujejo neustavni, nezakoniti in neupravi\u010deni posegi v zasebnost in dostojanstvo posameznika oziroma posameznice pri obdelavi osebnih podatkov. Podlago za zbiranje osebnih podatkov predstavlja obrazec na spletni strani, kamor stranka vpi\u0161e podatke, ki so potrebni za komunikacijo.<\/p>\n<p>In\u0161titut IPSA za namene komunikacije in naro\u010dil hrani naslednje osebne podatke: ime, priimek, email, telefon, naslov.<\/p>\n<p>In\u0161titut IPSA se obvezuje, da podatkov ne bo posredoval tretjim osebam, prav tako ne izven EU, EGP in mednarodni organizacijam tega prostora, razen kadar je to v skladu z veljavno zakonodajo. V \u010dasu upravljanja z osebnimi podatki ima posameznik pravico vpogleda, prepisa, kopiranja, dopolnitve, popravkov, blokiranja in izbrisa osebnih podatkov v zbirki podatkov, skladno z veljavno zakonodajo.<\/p>\n<p>In\u0161titut IPSA bo pridobljene podatke varoval ter prepre\u010deval njihovo zlorabo. Osebni podatki bodo uporabljeni le za namene, za katere je uporabnik dal svoje soglasje. In\u0161titut IPSA se zavezuje, da bo zbrane podatke hranil le toliko \u010dasa, kolikor bo nujno potrebno za dosego namena, zaradi katerega so bili zbrani.<\/p>\n<p>Po prenehanju potrebe po vodenju osebnih podatkov oz. na podlagi pisnega preklica uporabnika (na e-naslov info@ipsa.si) se podatki izbri\u0161ejo oziroma se uni\u010dijo nosilci podatkov.<\/p>\n<p>Uporabniki imajo kadarkoli pravico <strong>zahtevati spremembo oziroma izbris svojih osebnih podatkov <\/strong>preko e-naslov info@ipsa.si. Podatki bodo izbrisani v najkraj\u0161em mo\u017enem \u010dasu.<\/p>\n<p><strong>Zloraba podatkov<\/strong><\/p>\n<p>Zavezujemo se, da bomo varovali va\u0161e osebne podatke v skladu z GDPR. V kolikor bi pri\u0161lo do zlorabe podatkov, vas bomo o tem obvestili na va\u0161 e-po\u0161tni naslov v najkraj\u0161em mo\u017enem \u010dasu, vendar ne kasneje kot v 72 urah od ugotovitve zlorabe.<\/p>\n<p><strong>Odgovornost<\/strong><\/p>\n<p>Spletna stran je postavljena in vzdr\u017eevana z najve\u010djo mo\u017eno mero skrbnosti. Kljub temu In\u0161titut IPSA si ne jam\u010di za a\u017eurnost, to\u010dnost ali pravilnost vseh informacij na strani. Vse informacije se lahko spremenijo brez predhodnega obvestila.<\/p>\n<p>&nbsp;<\/p>\n<h2 data-fontsize=\"20\" data-lineheight=\"27\"><b>Pi\u0161kotki<\/b><\/h2>\n<p>Pi\u0161kotki so majhne datoteke z informacijami, ki se za\u010dasno shranijo na va\u0161 ra\u010dunalnik. Ko se pi\u0161kotki namestijo na va\u0161 ra\u010dunalnik, o tem niste obve\u0161\u010deni. Glavni namen pi\u0161kotkov je, da spletni stre\u017eniki prepoznajo va\u0161 ra\u010dunalnik in spletni brskalnik, prilagodijo spletno stran ter poskrbijo za enostavnost in hitrost. Pi\u0161kotki nam omogo\u010dijo, da vam prika\u017eemo pravilne informacije, ki jih i\u0161\u010dete in vas zanimajo. Z zbiranjem in pomnjenjem informacij o va\u0161ih nastavitvah spletnega mesta s pomo\u010djo pi\u0161kotkov lahko zagotovimo bolj\u0161o spletno stran in tr\u017eenjske izku\u0161nje.Pi\u0161kotki nam ne dajejo dostopa do ra\u010dunalnika in podatki, ki jih zbiramo preko pi\u0161kotkov, ne vklju\u010dujejo osebnih podatkov.<\/p>\n<p><strong>Upravljalec:<\/strong> IPSA<\/p>\n<p><b>Za potrebe spletne strani ipsa.si lahko uporabljamo naslednje pi\u0161kotke:<\/b><\/p>\n<p><strong>1. Nujno potrebni pi\u0161kotki za delovanje spletne strani<\/strong><\/p>\n<p><strong>Sejni pi\u0161kotek<\/strong><\/p>\n<table border=\"1\" cellpadding=\"0\">\n<tbody>\n<tr>\n<td>\n<div><strong>Pi\u0161kotek<\/strong><\/div>\n<\/td>\n<td>\n<div>\n<p align=\"center\"><strong>Trajanje<\/strong><\/p>\n<\/div>\n<\/td>\n<td>\n<div>\n<p align=\"center\"><strong>Namen<\/strong><\/p>\n<\/div>\n<\/td>\n<\/tr>\n<tr>\n<td>\n<div>\n<p>__PHPSESSID<\/p>\n<\/div>\n<\/td>\n<td>\n<div>\n<p>seja<\/p>\n<\/div>\n<\/td>\n<td>\n<div>\n<p>Delovanje sistema za prikaz vsebin.<\/p>\n<\/div>\n<\/td>\n<\/tr>\n<\/tbody>\n<\/table>\n<p>Nujen za delovanje sistema za urejanje in prikaz vsebin. Ta pi\u0161kotek skrbi za pravilen sprejem elektronskih sporo\u010dil in vsebin na spletni strani. Pi\u0161kotek se izbri\u0161e, ko uporabnik odide s spletne strani.<\/p>\n<p>&nbsp;<\/p>\n<p><strong>2. Pi\u0161kotki tretjih strani<\/strong><\/p>\n<p><strong>Google Analytics<\/strong><\/p>\n<table border=\"1\" cellpadding=\"0\">\n<tbody>\n<tr>\n<td>\n<div><strong>Pi\u0161kotek<\/strong><\/div>\n<\/td>\n<td>\n<div>\n<p align=\"center\"><strong>Trajanje<\/strong><\/p>\n<\/div>\n<\/td>\n<td>\n<div>\n<p align=\"center\"><strong>Namen<\/strong><\/p>\n<\/div>\n<\/td>\n<\/tr>\n<tr>\n<td>\n<div>\n<p>__utma<\/p>\n<\/div>\n<\/td>\n<td>\n<div>\n<p>2 let<\/p>\n<\/div>\n<\/td>\n<td>\n<div>\n<p>Razlikuje uporabnike od sej.<\/p>\n<\/div>\n<\/td>\n<\/tr>\n<tr>\n<td>\n<div>\n<p>__utmb<\/p>\n<\/div>\n<\/td>\n<td>\n<div>\n<p>30 min<\/p>\n<\/div>\n<\/td>\n<td>\n<div>\n<p>Ugotovi nove obiske.<\/p>\n<\/div>\n<\/td>\n<\/tr>\n<tr>\n<td>\n<div>\n<p>__utmc<\/p>\n<\/div>\n<\/td>\n<td>\n<div>\n<p>\u010cas seje<\/p>\n<\/div>\n<\/td>\n<td>\n<div>\n<p>Potreben za zdru\u017eljivost skripte za nazaj.<\/p>\n<\/div>\n<\/td>\n<\/tr>\n<tr>\n<td>\n<div>\n<p>__utmz<\/p>\n<\/div>\n<\/td>\n<td>\n<div>\n<p>6 mesecev<\/p>\n<\/div>\n<\/td>\n<td>\n<div>\n<p>Nosi informacijo o izvoru prometa.<\/p>\n<\/div>\n<\/td>\n<\/tr>\n<tr>\n<td>\n<div>\n<p>__utmv<\/p>\n<\/div>\n<\/td>\n<td>\n<div>\n<p>2 leti<\/p>\n<\/div>\n<\/td>\n<td>\n<div>\n<p>Shranjuje splo\u0161ne podatke o obiskovalcu.<\/p>\n<\/div>\n<\/td>\n<\/tr>\n<\/tbody>\n<\/table>\n<p>S pomo\u010djo teh pi\u0161kotkov bele\u017eimo statistiko obiskovalcev. Ti pi\u0161kotki ne vsebujejo nobenih osebnih informacij, slu\u017eijo le za zagotavljanje unikatnosti obiskov. Ve\u010d o Google Analytics pi\u0161kotkih, njihovem namenu in trajanju si lahko preberete na spletni strani<\/p>\n<p><a href=\"https:\/\/developers.google.com\/analytics\/devguides\/collection\/analyticsjs\/cookie-usage\">https:\/\/developers.google.com\/analytics\/devguides\/collection\/analyticsjs\/cookie-usage<\/a><\/p>\n<p>\u010ce \u017eelite blokirati le storitve Google Analytics, <a href=\"https:\/\/tools.google.com\/dlpage\/gaoptout\">to lahko storite na tej spletni strani<\/a>.<\/p>\n<p><strong>Google maps<\/strong><\/p>\n<table border=\"1\" cellpadding=\"0\">\n<tbody>\n<tr>\n<td><strong>Pi\u0161kotek<\/strong><\/td>\n<td>\n<p align=\"center\"><strong>Trajanje<\/strong><\/p>\n<\/td>\n<td>\n<p align=\"center\"><strong>Namen<\/strong><\/p>\n<\/td>\n<\/tr>\n<tr>\n<td>NID<\/td>\n<td>6 mesecev<\/td>\n<td>Uporabljen za prikaz vti\u010dnika Google Maps<\/td>\n<\/tr>\n<tr>\n<td>PREF<\/td>\n<td>2 leti<\/td>\n<td>Uporabljen za prikaz vti\u010dnika Google Maps<\/td>\n<\/tr>\n<tr>\n<td>testcookie<\/td>\n<td>seja<\/td>\n<td>Uporabljen za prikaz vti\u010dnika Google Maps<\/td>\n<\/tr>\n<tr>\n<td>khcookie<\/td>\n<td>seja<\/td>\n<td>Uporabljen za prikaz vti\u010dnika Google Maps<\/td>\n<\/tr>\n<tr>\n<td>SNID<\/td>\n<td>6 mesecev<\/td>\n<td>Uporabljen za prikaz vti\u010dnika Google Maps<\/td>\n<\/tr>\n<\/tbody>\n<\/table>\n<p>Na na\u0161i spletni strani uporabljamo storitve Google Maps za prikaz geografskih lokacij. Za ve\u010d informacij o pi\u0161kotkih in politiki zasebnosti podjetja Google obi\u0161\u010dite:<\/p>\n<p><a href=\"http:\/\/www.google.com\/policies\/technologies\/cookies\/\">http:\/\/www.google.com\/policies\/technologies\/cookies\/<\/a><\/p>\n<p><strong>Youtube<\/strong><\/p>\n<table border=\"1\" cellpadding=\"0\">\n<tbody>\n<tr>\n<td><strong>Pi\u0161kotek<\/strong><\/td>\n<td><strong>Trajanje<\/strong><\/td>\n<td>\n<p align=\"center\"><strong>Namen<\/strong><\/p>\n<\/td>\n<\/tr>\n<tr>\n<td>PREF<\/td>\n<td>10 let<\/td>\n<td>Prikaz video vsebin s portala Youtube.com<\/td>\n<\/tr>\n<tr>\n<td>VISITOR_INFO1_LIVE<\/td>\n<td>240 dni<\/td>\n<td>Prikaz video vsebin s portala Youtube.com<\/td>\n<\/tr>\n<tr>\n<td>use_hitbox<\/td>\n<td>seja<\/td>\n<td>Prikaz video vsebin s portala Youtube.com<\/td>\n<\/tr>\n<\/tbody>\n<\/table>\n<p>Na na\u0161i spletni strani uporabljamo storitve youtube za prikaz video vsebin. Za ve\u010d informacij o pi\u0161kotkih in politiki zasebnosti podjetja Google, ki upravlja s portalom Youtube, obi\u0161\u010dite:<\/p>\n<p><a href=\"http:\/\/www.google.com\/policies\/technologies\/cookies\/\">http:\/\/www.google.com\/policies\/technologies\/cookies\/<\/a><\/p>\n<p><strong>Facebook <\/strong><\/p>\n<table border=\"1\" cellpadding=\"0\">\n<tbody>\n<tr>\n<td><strong>Pi\u0161kotek<\/strong><\/td>\n<td><strong>Trajanje<\/strong><\/td>\n<td>\n<p align=\"center\"><strong>Namen<\/strong><\/p>\n<\/td>\n<\/tr>\n<tr>\n<td>Reg_fb_gate<\/td>\n<td valign=\"middle\">seja<\/td>\n<td>URL prve obiskane strani.<\/td>\n<\/tr>\n<tr>\n<td>Reg_fb_ref<\/td>\n<td valign=\"middle\">seja<\/td>\n<td>Url zadnje obiskane strani.<\/td>\n<\/tr>\n<tr>\n<td>Isd<\/td>\n<td valign=\"middle\">seja<\/td>\n<td>Za\u0161\u010dita pred CSRF napadi.<\/td>\n<\/tr>\n<tr>\n<td>Reg_ext_ref<\/td>\n<td valign=\"middle\">seja<\/td>\n<td>Izvor prometa, prva obiskana spletna stran.<\/td>\n<\/tr>\n<tr>\n<td>wd<\/td>\n<td valign=\"middle\">seja<\/td>\n<td>Dimenzije okna.<\/td>\n<\/tr>\n<tr>\n<td>datr<\/td>\n<td valign=\"middle\">2 leti<\/td>\n<td>Za\u0161\u010dita pred spamom in zlorabami v Facebook ra\u010dunih.<\/td>\n<\/tr>\n<\/tbody>\n<\/table>\n<p>Omenjeni pi\u0161kotki se uporabljajo za delovanje vti\u010dnikov omre\u017eja Facebook. Za ve\u010d informacij o shranjevanju in uporabi pridobljenih informacij preberite <a href=\"https:\/\/www.facebook.com\/help\/cookies\">https:\/\/www.facebook.com\/help\/cookies<\/a><br \/>\n<b>Kako upravljati s pi\u0161kotki?<\/b><\/p>\n<p>Ve\u010dina spletnih brskalnikov omogo\u010da, da nastavite va\u0161e pi\u0161kote. Pi\u0161kotke lahko zavrnete ali jih sprejmete s funkcijo, vgrajeno v spletne brskalnike. \u010ce pi\u0161kotke zavrnete, lahko naprej uporabljate na\u0161o spletno stran, vendar dolo\u010dene podstrani ne bodo delovale.<\/p>\n<p>V nadaljevanju se nahajajo povezave do navodil, kako lahko izklju\u010dite pi\u0161kotke na va\u0161em spletnem brskalniku.<\/p>\n<ul>\n<li><a href=\"http:\/\/support.mozilla.org\/en-US\/kb\/cookies-information-websites-store-on-your-computer?redirectlocale=en-US&amp;redirectslug=Cookies\">Mozilla Firefox<\/a><\/li>\n<li><a href=\"http:\/\/support.microsoft.com\/kb\/196955\">Internet Explorer<\/a><\/li>\n<li><a href=\"http:\/\/support.google.com\/chrome\/bin\/answer.py?hl=en&amp;answer=95647\">Chrome<\/a><\/li>\n<li><a href=\"http:\/\/support.apple.com\/kb\/PH5042\">Safari<\/a><\/li>\n<\/ul>\n<p><strong>Menjava nastavitev pi\u0161kotkov<\/strong><\/p>\n<ul>\n<li><a class=\"cc-cookie-reset\" href=\"https:\/\/www.sadhana.si\/pravno-obvestilo\/#\">Odstrani privolitev za uporabo pi\u0161kotkov<\/a><\/li>\n<\/ul>\n<p><strong>POMEMBNO! Pi\u0161kotki so datoteke na va\u0161em ra\u010dunalniku. Da bi odstranili pi\u0161kotke, preverite zgornje povezave za navodila, kako v va\u0161em brskalniku izbri\u0161ete pi\u0161kotke.<\/strong><\/p>\n","protected":false},"excerpt":{"rendered":"<p>Varstvo osebnih podatkov In\u0161titut IPSA, e-naslov info@ipsa.si, je upravljavec z osebnimi podatki za spletno stran [&hellip;]<\/p>\n","protected":false},"author":2,"featured_media":0,"parent":0,"menu_order":0,"comment_status":"closed","ping_status":"closed","template":"","meta":{"inline_featured_image":false,"_tribe_blocks_recurrence_rules":"","_tribe_blocks_recurrence_exclusions":"","_tribe_blocks_recurrence_description":"","footnotes":""},"_links":{"self":[{"href":"https:\/\/www.ipsa.si\/sl\/wp-json\/wp\/v2\/pages\/4032"}],"collection":[{"href":"https:\/\/www.ipsa.si\/sl\/wp-json\/wp\/v2\/pages"}],"about":[{"href":"https:\/\/www.ipsa.si\/sl\/wp-json\/wp\/v2\/types\/page"}],"author":[{"embeddable":true,"href":"https:\/\/www.ipsa.si\/sl\/wp-json\/wp\/v2\/users\/2"}],"replies":[{"embeddable":true,"href":"https:\/\/www.ipsa.si\/sl\/wp-json\/wp\/v2\/comments?post=4032"}],"version-history":[{"count":0,"href":"https:\/\/www.ipsa.si\/sl\/wp-json\/wp\/v2\/pages\/4032\/revisions"}],"wp:attachment":[{"href":"https:\/\/www.ipsa.si\/sl\/wp-json\/wp\/v2\/media?parent=4032"}],"curies":[{"name":"wp","href":"https:\/\/api.w.org\/{rel}","templated":true}]}}